{"id":2525,"date":"2022-08-22T11:29:19","date_gmt":"2022-08-22T15:29:19","guid":{"rendered":"https:\/\/convair.observclient.info\/polyba-dry-polymer-system\/"},"modified":"2026-01-21T11:48:28","modified_gmt":"2026-01-21T16:48:28","slug":"polyba","status":"publish","type":"page","link":"https:\/\/convair.observclient.info\/en\/polyba\/","title":{"rendered":"Polyba"},"content":{"rendered":"\t\t<div data-elementor-type=\"wp-page\" data-elementor-id=\"2525\" class=\"elementor elementor-2525\" data-elementor-post-type=\"page\">\n\t\t\t\t<div class=\"elementor-element elementor-element-aa3ce1f e-con-full e-flex e-con e-parent\" data-id=\"aa3ce1f\" data-element_type=\"container\" data-e-type=\"container\" data-settings=\"{&quot;background_background&quot;:&quot;classic&quot;}\">\n\t\t\t\t<div class=\"elementor-element elementor-element-d680a3c elementor-widget elementor-widget-heading\" data-id=\"d680a3c\" data-element_type=\"widget\" data-e-type=\"widget\" data-widget_type=\"heading.default\">\n\t\t\t\t\t<h2 class=\"elementor-heading-title elementor-size-default\">POLYBA<\/br>\n<span class=\"title-black\">Dry Polymer System<br><\/span><\/h2>\t\t\t\t<\/div>\n\t\t\t\t<\/div>\n\t\t<div class=\"elementor-element elementor-element-e5ff6e2 e-con-full e-flex e-con e-parent\" data-id=\"e5ff6e2\" data-element_type=\"container\" data-e-type=\"container\">\n\t\t<div class=\"elementor-element elementor-element-8661288 e-con-full e-flex e-con e-child\" data-id=\"8661288\" data-element_type=\"container\" data-e-type=\"container\">\n\t\t\t\t<div class=\"elementor-element elementor-element-c1fbd34 elementor-widget elementor-widget-text-editor\" data-id=\"c1fbd34\" data-element_type=\"widget\" data-e-type=\"widget\" data-widget_type=\"text-editor.default\">\n\t\t\t\t\t\t\t\t\t<p>CON-V-AIR designs and manufactures a fully automatic polymer preparation unit that is second to none. The heart of the system uses two key times proven components: a screw feeder and a wetting cone to ensure the most efficient polymer mixing there is. <\/p><p>The polymer preparation and feeding system wets and activate the dry polymer. The dry bulk polymer is then introduced into the system via a suction wand that is connected to a powerful vacuum loader, allowing the polymer to be transferred into a storage hopper. This hopper feeds an accurate volumetric screw feeder that ensures a constant feed of polymers to the wetting cone, thus guaranteeing a steady solution concentration. The wetting cone design ensures optimal water\/polymer contact with minimal water feed. The polymer solution obtained is then sent to a conditioning tank followed by a polymer feed tank.    <\/p><p>Comme la ligne de ramassage de polym\u00e8re sec fonctionne sous vide, les \u00e9missions de poussi\u00e8re sont \u00e9limin\u00e9es, ce qui se traduit par un environnement de travail plus propre et plus s\u00fbr. Le polym\u00e8re en poudre \u00e9tant transf\u00e9r\u00e9 via un transfert pneumatique, il n&#8217;est donc pas n\u00e9cessaire de transporter ou de manipuler de lourdes charges, ce qui rend ce syst\u00e8me encore plus s\u00fbr. <\/p>\t\t\t\t\t\t\t\t<\/div>\n\t\t\t\t<div class=\"elementor-element elementor-element-467cfee elementor-widget elementor-widget-heading\" data-id=\"467cfee\" data-element_type=\"widget\" data-e-type=\"widget\" data-widget_type=\"heading.default\">\n\t\t\t\t\t<h2 class=\"elementor-heading-title elementor-size-default\">Option<\/h2>\t\t\t\t<\/div>\n\t\t\t\t<div class=\"elementor-element elementor-element-b6c2205 elementor-widget elementor-widget-image\" data-id=\"b6c2205\" data-element_type=\"widget\" data-e-type=\"widget\" data-widget_type=\"image.default\">\n\t\t\t\t\t\t\t\t\t\t\t\t\t\t\t<img fetchpriority=\"high\" decoding=\"async\" width=\"1080\" height=\"1080\" src=\"https:\/\/convair.observclient.info\/wp-content\/uploads\/2025\/01\/TMO_Wetting-Head_CONVAIR.webp\" class=\"attachment-full size-full wp-image-6149\" alt=\"\" srcset=\"https:\/\/convair.observclient.info\/wp-content\/uploads\/2025\/01\/TMO_Wetting-Head_CONVAIR.webp 1080w, https:\/\/convair.observclient.info\/wp-content\/uploads\/2025\/01\/TMO_Wetting-Head_CONVAIR-300x300.webp 300w, https:\/\/convair.observclient.info\/wp-content\/uploads\/2025\/01\/TMO_Wetting-Head_CONVAIR-1024x1024.webp 1024w, https:\/\/convair.observclient.info\/wp-content\/uploads\/2025\/01\/TMO_Wetting-Head_CONVAIR-150x150.webp 150w, https:\/\/convair.observclient.info\/wp-content\/uploads\/2025\/01\/TMO_Wetting-Head_CONVAIR-768x768.webp 768w\" sizes=\"(max-width: 1080px) 100vw, 1080px\" \/>\t\t\t\t\t\t\t\t\t\t\t\t\t\t\t<\/div>\n\t\t\t\t<div class=\"elementor-element elementor-element-a48764f elementor-widget elementor-widget-text-editor\" data-id=\"a48764f\" data-element_type=\"widget\" data-e-type=\"widget\" data-widget_type=\"text-editor.default\">\n\t\t\t\t\t\t\t\t\t<p>System for preparing dry polymer in a solution of 0.25 to 0.5% concentration by means of<span style=\"color: var( --e-global-color-text ); text-align: var(--text-align);\">a wetting head and a pneumatic transfer system using an eductor<\/span>.<\/p>\t\t\t\t\t\t\t\t<\/div>\n\t\t\t\t<\/div>\n\t\t<div class=\"elementor-element elementor-element-ec465f5 e-con-full e-flex e-con e-child\" data-id=\"ec465f5\" data-element_type=\"container\" data-e-type=\"container\">\n\t\t\t\t<div class=\"elementor-element elementor-element-c27f0fd elementor-widget elementor-widget-image\" data-id=\"c27f0fd\" data-element_type=\"widget\" data-e-type=\"widget\" data-widget_type=\"image.default\">\n\t\t\t\t\t\t\t\t\t\t\t\t\t\t\t\t<a href=\"http:\/\/www.dev.con-v-air.com\/wp-content\/uploads\/2022\/08\/POLYBA_Polymer-System-500_CONVAIR.png\" data-elementor-open-lightbox=\"yes\" data-elementor-lightbox-title=\"POLYBA_Polymer System 500_CONVAIR\" data-e-action-hash=\"#elementor-action%3Aaction%3Dlightbox%26settings%3DeyJpZCI6MjkxNywidXJsIjoiaHR0cHM6XC9cL2NvbnZhaXIub2JzZXJ2Y2xpZW50LmluZm9cL3dwLWNvbnRlbnRcL3VwbG9hZHNcLzIwMjJcLzA4XC9QT0xZQkFfUG9seW1lci1TeXN0ZW0tNTAwX0NPTlZBSVIucG5nIn0%3D\">\n\t\t\t\t\t\t\t<img decoding=\"async\" width=\"810\" height=\"1080\" src=\"https:\/\/convair.observclient.info\/wp-content\/uploads\/2022\/08\/POLYBA_Polymer-System-500_CONVAIR.png\" class=\"attachment-full size-full wp-image-2917\" alt=\"\" srcset=\"https:\/\/convair.observclient.info\/wp-content\/uploads\/2022\/08\/POLYBA_Polymer-System-500_CONVAIR.png 810w, https:\/\/convair.observclient.info\/wp-content\/uploads\/2022\/08\/POLYBA_Polymer-System-500_CONVAIR-225x300.png 225w, https:\/\/convair.observclient.info\/wp-content\/uploads\/2022\/08\/POLYBA_Polymer-System-500_CONVAIR-768x1024.png 768w\" sizes=\"(max-width: 810px) 100vw, 810px\" \/>\t\t\t\t\t\t\t\t<\/a>\n\t\t\t\t\t\t\t\t\t\t\t\t\t\t\t<\/div>\n\t\t<div class=\"elementor-element elementor-element-975e1b8 e-con-full e-flex e-con e-child\" data-id=\"975e1b8\" data-element_type=\"container\" data-e-type=\"container\">\n\t\t\t\t<div class=\"elementor-element elementor-element-b9b1790 elementor-widget__width-inherit elementor-widget elementor-widget-html\" data-id=\"b9b1790\" data-element_type=\"widget\" data-e-type=\"widget\" data-widget_type=\"html.default\">\n\t\t\t\t\t<div class=\"sketchfab-embed-wrapper\"> <iframe title=\"Dry Polymer System\" frameborder=\"0\" height=\"400px\" allowfullscreen=\"\" mozallowfullscreen=\"true\" webkitallowfullscreen=\"true\" allow=\"autoplay; fullscreen; xr-spatial-tracking\" xr-spatial-tracking=\"\" execution-while-out-of-viewport=\"\" execution-while-not-rendered=\"\" web-share=\"\" src=\"https:\/\/sketchfab.com\/models\/24099ee61af44233bfe73da2d068b682\/embed\"> <\/iframe> <\/div>\t\t\t\t<\/div>\n\t\t\t\t<\/div>\n\t\t\t\t<div class=\"elementor-element elementor-element-3702fd7 elementor-widget elementor-widget-button\" data-id=\"3702fd7\" data-element_type=\"widget\" data-e-type=\"widget\" data-widget_type=\"button.default\">\n\t\t\t\t\t\t\t\t\t\t<a class=\"elementor-button elementor-button-link elementor-size-sm\" href=\"https:\/\/convair.observclient.info\/wp-content\/uploads\/2022\/08\/POLYBA_Systeme-polymere_PID_CONVAIR_FR.pdf\">\n\t\t\t\t\t\t<span class=\"elementor-button-content-wrapper\">\n\t\t\t\t\t\t\t\t\t<span class=\"elementor-button-text\">Download P&amp;ID<\/span>\n\t\t\t\t\t<\/span>\n\t\t\t\t\t<\/a>\n\t\t\t\t\t\t\t\t<\/div>\n\t\t\t\t<div class=\"elementor-element elementor-element-b9384b9 elementor-widget elementor-widget-button\" data-id=\"b9384b9\" data-element_type=\"widget\" data-e-type=\"widget\" data-widget_type=\"button.default\">\n\t\t\t\t\t\t\t\t\t\t<a class=\"elementor-button elementor-button-link elementor-size-sm\" href=\"https:\/\/convair.observclient.info\/wp-content\/uploads\/2022\/07\/POLYBA-fr.pdf\">\n\t\t\t\t\t\t<span class=\"elementor-button-content-wrapper\">\n\t\t\t\t\t\t\t\t\t<span class=\"elementor-button-text\">Download the complete specifications in PDF<\/span>\n\t\t\t\t\t<\/span>\n\t\t\t\t\t<\/a>\n\t\t\t\t\t\t\t\t<\/div>\n\t\t\t\t<\/div>\n\t\t\t\t<\/div>\n\t\t<div class=\"elementor-element elementor-element-81f9c79 e-con-full e-flex e-con e-parent\" data-id=\"81f9c79\" data-element_type=\"container\" data-e-type=\"container\" data-settings=\"{&quot;background_background&quot;:&quot;classic&quot;}\">\n\t\t<div class=\"elementor-element elementor-element-58259e6 e-con-full e-flex e-con e-child\" data-id=\"58259e6\" data-element_type=\"container\" data-e-type=\"container\" data-settings=\"{&quot;background_background&quot;:&quot;classic&quot;}\">\n\t\t\t\t<div class=\"elementor-element elementor-element-eb77b06 elementor-widget elementor-widget-heading\" data-id=\"eb77b06\" data-element_type=\"widget\" data-e-type=\"widget\" data-widget_type=\"heading.default\">\n\t\t\t\t\t<h2 class=\"elementor-heading-title elementor-size-default\">Configurator<\/h2>\t\t\t\t<\/div>\n\t\t\t\t<div class=\"elementor-element elementor-element-9129ca4 elementor-widget elementor-widget-heading\" data-id=\"9129ca4\" data-element_type=\"widget\" data-e-type=\"widget\" data-widget_type=\"heading.default\">\n\t\t\t\t\t<p class=\"elementor-heading-title elementor-size-default\">Please use our configurator to get the complete list of equipment, options, technical specifications and 2D drawings available for this product. Once your information request has been sent, one of our specialists will contact you to review your request and answer all your questions.<\/p>\t\t\t\t<\/div>\n\t\t\t\t<\/div>\n\t\t\t\t<\/div>\n\t\t<div class=\"elementor-element elementor-element-40e0b85 e-con-full e-flex e-con e-parent\" data-id=\"40e0b85\" data-element_type=\"container\" data-e-type=\"container\">\n\t\t<div class=\"elementor-element elementor-element-ed60d0e e-con-full e-flex e-con e-child\" data-id=\"ed60d0e\" data-element_type=\"container\" data-e-type=\"container\">\n\t\t\t\t<div class=\"elementor-element elementor-element-1ee0716 elementor-widget elementor-widget-image\" data-id=\"1ee0716\" data-element_type=\"widget\" data-e-type=\"widget\" data-widget_type=\"image.default\">\n\t\t\t\t\t\t\t\t\t\t\t\t\t\t\t\t<a href=\"https:\/\/convair.observclient.info\/wp-content\/uploads\/2022\/08\/en_polyba-1.png\" data-elementor-open-lightbox=\"yes\" data-elementor-lightbox-title=\"en_polyba-1\" data-e-action-hash=\"#elementor-action%3Aaction%3Dlightbox%26settings%3DeyJpZCI6MzExMiwidXJsIjoiaHR0cHM6XC9cL2NvbnZhaXIub2JzZXJ2Y2xpZW50LmluZm9cL3dwLWNvbnRlbnRcL3VwbG9hZHNcLzIwMjJcLzA4XC9lbl9wb2x5YmEtMS5wbmcifQ%3D%3D\">\n\t\t\t\t\t\t\t<img decoding=\"async\" width=\"1018\" height=\"871\" src=\"https:\/\/convair.observclient.info\/wp-content\/uploads\/2022\/08\/en_polyba-1.png\" class=\"attachment-full size-full wp-image-3112\" alt=\"\" srcset=\"https:\/\/convair.observclient.info\/wp-content\/uploads\/2022\/08\/en_polyba-1.png 1018w, https:\/\/convair.observclient.info\/wp-content\/uploads\/2022\/08\/en_polyba-1-300x257.png 300w, https:\/\/convair.observclient.info\/wp-content\/uploads\/2022\/08\/en_polyba-1-768x657.png 768w\" sizes=\"(max-width: 1018px) 100vw, 1018px\" \/>\t\t\t\t\t\t\t\t<\/a>\n\t\t\t\t\t\t\t\t\t\t\t\t\t\t\t<\/div>\n\t\t\t\t<div class=\"elementor-element elementor-element-77bab70 elementor-widget elementor-widget-image\" data-id=\"77bab70\" data-element_type=\"widget\" data-e-type=\"widget\" data-widget_type=\"image.default\">\n\t\t\t\t\t\t\t\t\t\t\t\t\t\t\t\t<a href=\"https:\/\/convair.observclient.info\/wp-content\/uploads\/2022\/08\/en_polyba-2.png\" data-elementor-open-lightbox=\"yes\" data-elementor-lightbox-title=\"en_polyba-2\" data-e-action-hash=\"#elementor-action%3Aaction%3Dlightbox%26settings%3DeyJpZCI6MzExNywidXJsIjoiaHR0cHM6XC9cL2NvbnZhaXIub2JzZXJ2Y2xpZW50LmluZm9cL3dwLWNvbnRlbnRcL3VwbG9hZHNcLzIwMjJcLzA4XC9lbl9wb2x5YmEtMi5wbmcifQ%3D%3D\">\n\t\t\t\t\t\t\t<img loading=\"lazy\" decoding=\"async\" width=\"1018\" height=\"804\" src=\"https:\/\/convair.observclient.info\/wp-content\/uploads\/2022\/08\/en_polyba-2.png\" class=\"attachment-full size-full wp-image-3117\" alt=\"\" srcset=\"https:\/\/convair.observclient.info\/wp-content\/uploads\/2022\/08\/en_polyba-2.png 1018w, https:\/\/convair.observclient.info\/wp-content\/uploads\/2022\/08\/en_polyba-2-300x237.png 300w, https:\/\/convair.observclient.info\/wp-content\/uploads\/2022\/08\/en_polyba-2-768x607.png 768w\" sizes=\"(max-width: 1018px) 100vw, 1018px\" \/>\t\t\t\t\t\t\t\t<\/a>\n\t\t\t\t\t\t\t\t\t\t\t\t\t\t\t<\/div>\n\t\t\t\t<\/div>\n\t\t<div class=\"elementor-element elementor-element-83f6b3d e-con-full e-flex e-con e-child\" data-id=\"83f6b3d\" data-element_type=\"container\" data-e-type=\"container\">\n\t\t\t\t<div class=\"elementor-element elementor-element-f853b01 elementor-widget elementor-widget-stm_calc\" data-id=\"f853b01\" data-element_type=\"widget\" data-e-type=\"widget\" data-widget_type=\"stm_calc.default\">\n\t\t\t\t<div class=\"elementor-widget-container\">\n\t\t\t\t\t<script type=\"text\/javascript\">window[\"ccb_front_template_6882\"] = [];<\/script>\n<div class=\"ccb-main-widget \" id=\"ccb_app_6882\" data-calc-id=\"6882\"><\/div>\n\t\t\t\t<\/div>\n\t\t\t\t<\/div>\n\t\t\t\t<\/div>\n\t\t\t\t<\/div>\n\t\t\t\t<\/div>\n\t\t","protected":false},"excerpt":{"rendered":"<p>POLYBA Dry Polymer System CON-V-AIR designs and manufactures a fully automatic polymer preparation unit that is second to none. The heart of the system uses two key times proven components: a screw feeder and a wetting cone to ensure the most efficient polymer mixing there is. The polymer preparation and feeding system wets and activate [&hellip;]<\/p>\n","protected":false},"author":1,"featured_media":0,"parent":0,"menu_order":0,"comment_status":"closed","ping_status":"closed","template":"elementor_header_footer","meta":{"_acf_changed":false,"footnotes":""},"class_list":["post-2525","page","type-page","status-publish","hentry"],"acf":[],"yoast_head":"<!-- This site is optimized with the Yoast SEO plugin v27.4 - https:\/\/yoast.com\/product\/yoast-seo-wordpress\/ -->\n<title>Polyba Systems for Bulk Materials - CON-V-AIR<\/title>\n<meta name=\"description\" content=\"Polyba systems ensure efficient management of bulk materials. Optimize your production line with reliable solutions.\" \/>\n<meta name=\"robots\" content=\"index, follow, max-snippet:-1, max-image-preview:large, max-video-preview:-1\" \/>\n<link rel=\"canonical\" href=\"https:\/\/convair.observclient.info\/en\/polyba\/\" \/>\n<meta property=\"og:locale\" content=\"en_US\" \/>\n<meta property=\"og:type\" content=\"article\" \/>\n<meta property=\"og:title\" content=\"Polyba Systems for Bulk Materials - CON-V-AIR\" \/>\n<meta property=\"og:description\" content=\"Polyba systems ensure efficient management of bulk materials. Optimize your production line with reliable solutions.\" \/>\n<meta property=\"og:url\" content=\"https:\/\/convair.observclient.info\/en\/polyba\/\" \/>\n<meta property=\"og:site_name\" content=\"Con-V-Air\" \/>\n<meta property=\"article:modified_time\" content=\"2026-01-21T16:48:28+00:00\" \/>\n<meta property=\"og:image\" content=\"https:\/\/convair.observclient.info\/wp-content\/uploads\/2022\/08\/POLYBA_Polymer-System-500_CONVAIR-225x300.png\" \/>\n<meta name=\"twitter:card\" content=\"summary_large_image\" \/>\n<script type=\"application\/ld+json\" class=\"yoast-schema-graph\">{\"@context\":\"https:\\\/\\\/schema.org\",\"@graph\":[{\"@type\":\"WebPage\",\"@id\":\"https:\\\/\\\/convair.observclient.info\\\/en\\\/polyba\\\/\",\"url\":\"https:\\\/\\\/convair.observclient.info\\\/en\\\/polyba\\\/\",\"name\":\"Polyba Systems for Bulk Materials - CON-V-AIR\",\"isPartOf\":{\"@id\":\"https:\\\/\\\/convair.observclient.info\\\/#website\"},\"primaryImageOfPage\":{\"@id\":\"https:\\\/\\\/convair.observclient.info\\\/en\\\/polyba\\\/#primaryimage\"},\"image\":{\"@id\":\"https:\\\/\\\/convair.observclient.info\\\/en\\\/polyba\\\/#primaryimage\"},\"thumbnailUrl\":\"https:\\\/\\\/convair.observclient.info\\\/wp-content\\\/uploads\\\/2025\\\/01\\\/TMO_Wetting-Head_CONVAIR.webp\",\"datePublished\":\"2022-08-22T15:29:19+00:00\",\"dateModified\":\"2026-01-21T16:48:28+00:00\",\"description\":\"Polyba systems ensure efficient management of bulk materials. Optimize your production line with reliable solutions.\",\"breadcrumb\":{\"@id\":\"https:\\\/\\\/convair.observclient.info\\\/en\\\/polyba\\\/#breadcrumb\"},\"inLanguage\":\"en-US\",\"potentialAction\":[{\"@type\":\"ReadAction\",\"target\":[\"https:\\\/\\\/convair.observclient.info\\\/en\\\/polyba\\\/\"]}]},{\"@type\":\"ImageObject\",\"inLanguage\":\"en-US\",\"@id\":\"https:\\\/\\\/convair.observclient.info\\\/en\\\/polyba\\\/#primaryimage\",\"url\":\"https:\\\/\\\/convair.observclient.info\\\/wp-content\\\/uploads\\\/2025\\\/01\\\/TMO_Wetting-Head_CONVAIR.webp\",\"contentUrl\":\"https:\\\/\\\/convair.observclient.info\\\/wp-content\\\/uploads\\\/2025\\\/01\\\/TMO_Wetting-Head_CONVAIR.webp\"},{\"@type\":\"BreadcrumbList\",\"@id\":\"https:\\\/\\\/convair.observclient.info\\\/en\\\/polyba\\\/#breadcrumb\",\"itemListElement\":[{\"@type\":\"ListItem\",\"position\":1,\"name\":\"Accueil\",\"item\":\"https:\\\/\\\/convair.observclient.info\\\/en\\\/home\\\/\"},{\"@type\":\"ListItem\",\"position\":2,\"name\":\"Polyba\"}]},{\"@type\":\"WebSite\",\"@id\":\"https:\\\/\\\/convair.observclient.info\\\/#website\",\"url\":\"https:\\\/\\\/convair.observclient.info\\\/\",\"name\":\"Con-V-Air\",\"description\":\"Fournir des syst\u00e8mes pour l&#039;entreposage et la manutention du vrac solide dans les industries les plus exigeantes en termes\",\"publisher\":{\"@id\":\"https:\\\/\\\/convair.observclient.info\\\/#organization\"},\"potentialAction\":[{\"@type\":\"SearchAction\",\"target\":{\"@type\":\"EntryPoint\",\"urlTemplate\":\"https:\\\/\\\/convair.observclient.info\\\/?s={search_term_string}\"},\"query-input\":{\"@type\":\"PropertyValueSpecification\",\"valueRequired\":true,\"valueName\":\"search_term_string\"}}],\"inLanguage\":\"en-US\"},{\"@type\":\"Organization\",\"@id\":\"https:\\\/\\\/convair.observclient.info\\\/#organization\",\"name\":\"Con-V-Air\",\"url\":\"https:\\\/\\\/convair.observclient.info\\\/\",\"logo\":{\"@type\":\"ImageObject\",\"inLanguage\":\"en-US\",\"@id\":\"https:\\\/\\\/convair.observclient.info\\\/#\\\/schema\\\/logo\\\/image\\\/\",\"url\":\"https:\\\/\\\/convair.observclient.info\\\/wp-content\\\/uploads\\\/2021\\\/12\\\/logo.png\",\"contentUrl\":\"https:\\\/\\\/convair.observclient.info\\\/wp-content\\\/uploads\\\/2021\\\/12\\\/logo.png\",\"width\":167,\"height\":29,\"caption\":\"Con-V-Air\"},\"image\":{\"@id\":\"https:\\\/\\\/convair.observclient.info\\\/#\\\/schema\\\/logo\\\/image\\\/\"}}]}<\/script>\n<!-- \/ Yoast SEO plugin. -->","yoast_head_json":{"title":"Polyba Systems for Bulk Materials - CON-V-AIR","description":"Polyba systems ensure efficient management of bulk materials. Optimize your production line with reliable solutions.","robots":{"index":"index","follow":"follow","max-snippet":"max-snippet:-1","max-image-preview":"max-image-preview:large","max-video-preview":"max-video-preview:-1"},"canonical":"https:\/\/convair.observclient.info\/en\/polyba\/","og_locale":"en_US","og_type":"article","og_title":"Polyba Systems for Bulk Materials - CON-V-AIR","og_description":"Polyba systems ensure efficient management of bulk materials. Optimize your production line with reliable solutions.","og_url":"https:\/\/convair.observclient.info\/en\/polyba\/","og_site_name":"Con-V-Air","article_modified_time":"2026-01-21T16:48:28+00:00","og_image":[{"url":"https:\/\/convair.observclient.info\/wp-content\/uploads\/2022\/08\/POLYBA_Polymer-System-500_CONVAIR-225x300.png","type":"","width":"","height":""}],"twitter_card":"summary_large_image","schema":{"@context":"https:\/\/schema.org","@graph":[{"@type":"WebPage","@id":"https:\/\/convair.observclient.info\/en\/polyba\/","url":"https:\/\/convair.observclient.info\/en\/polyba\/","name":"Polyba Systems for Bulk Materials - CON-V-AIR","isPartOf":{"@id":"https:\/\/convair.observclient.info\/#website"},"primaryImageOfPage":{"@id":"https:\/\/convair.observclient.info\/en\/polyba\/#primaryimage"},"image":{"@id":"https:\/\/convair.observclient.info\/en\/polyba\/#primaryimage"},"thumbnailUrl":"https:\/\/convair.observclient.info\/wp-content\/uploads\/2025\/01\/TMO_Wetting-Head_CONVAIR.webp","datePublished":"2022-08-22T15:29:19+00:00","dateModified":"2026-01-21T16:48:28+00:00","description":"Polyba systems ensure efficient management of bulk materials. Optimize your production line with reliable solutions.","breadcrumb":{"@id":"https:\/\/convair.observclient.info\/en\/polyba\/#breadcrumb"},"inLanguage":"en-US","potentialAction":[{"@type":"ReadAction","target":["https:\/\/convair.observclient.info\/en\/polyba\/"]}]},{"@type":"ImageObject","inLanguage":"en-US","@id":"https:\/\/convair.observclient.info\/en\/polyba\/#primaryimage","url":"https:\/\/convair.observclient.info\/wp-content\/uploads\/2025\/01\/TMO_Wetting-Head_CONVAIR.webp","contentUrl":"https:\/\/convair.observclient.info\/wp-content\/uploads\/2025\/01\/TMO_Wetting-Head_CONVAIR.webp"},{"@type":"BreadcrumbList","@id":"https:\/\/convair.observclient.info\/en\/polyba\/#breadcrumb","itemListElement":[{"@type":"ListItem","position":1,"name":"Accueil","item":"https:\/\/convair.observclient.info\/en\/home\/"},{"@type":"ListItem","position":2,"name":"Polyba"}]},{"@type":"WebSite","@id":"https:\/\/convair.observclient.info\/#website","url":"https:\/\/convair.observclient.info\/","name":"Con-V-Air","description":"Fournir des syst\u00e8mes pour l&#039;entreposage et la manutention du vrac solide dans les industries les plus exigeantes en termes","publisher":{"@id":"https:\/\/convair.observclient.info\/#organization"},"potentialAction":[{"@type":"SearchAction","target":{"@type":"EntryPoint","urlTemplate":"https:\/\/convair.observclient.info\/?s={search_term_string}"},"query-input":{"@type":"PropertyValueSpecification","valueRequired":true,"valueName":"search_term_string"}}],"inLanguage":"en-US"},{"@type":"Organization","@id":"https:\/\/convair.observclient.info\/#organization","name":"Con-V-Air","url":"https:\/\/convair.observclient.info\/","logo":{"@type":"ImageObject","inLanguage":"en-US","@id":"https:\/\/convair.observclient.info\/#\/schema\/logo\/image\/","url":"https:\/\/convair.observclient.info\/wp-content\/uploads\/2021\/12\/logo.png","contentUrl":"https:\/\/convair.observclient.info\/wp-content\/uploads\/2021\/12\/logo.png","width":167,"height":29,"caption":"Con-V-Air"},"image":{"@id":"https:\/\/convair.observclient.info\/#\/schema\/logo\/image\/"}}]}},"_links":{"self":[{"href":"https:\/\/convair.observclient.info\/en\/wp-json\/wp\/v2\/pages\/2525","targetHints":{"allow":["GET"]}}],"collection":[{"href":"https:\/\/convair.observclient.info\/en\/wp-json\/wp\/v2\/pages"}],"about":[{"href":"https:\/\/convair.observclient.info\/en\/wp-json\/wp\/v2\/types\/page"}],"author":[{"embeddable":true,"href":"https:\/\/convair.observclient.info\/en\/wp-json\/wp\/v2\/users\/1"}],"replies":[{"embeddable":true,"href":"https:\/\/convair.observclient.info\/en\/wp-json\/wp\/v2\/comments?post=2525"}],"version-history":[{"count":16,"href":"https:\/\/convair.observclient.info\/en\/wp-json\/wp\/v2\/pages\/2525\/revisions"}],"predecessor-version":[{"id":7276,"href":"https:\/\/convair.observclient.info\/en\/wp-json\/wp\/v2\/pages\/2525\/revisions\/7276"}],"wp:attachment":[{"href":"https:\/\/convair.observclient.info\/en\/wp-json\/wp\/v2\/media?parent=2525"}],"curies":[{"name":"wp","href":"https:\/\/api.w.org\/{rel}","templated":true}]}}